{"id":8532,"date":"2024-07-31T12:47:15","date_gmt":"2024-07-31T11:47:15","guid":{"rendered":"https:\/\/talaios.coop\/cursos\/"},"modified":"2024-07-31T12:47:17","modified_gmt":"2024-07-31T11:47:17","slug":"cursos","status":"publish","type":"page","link":"https:\/\/talaios.coop\/es\/cursos\/","title":{"rendered":"Cursos"},"content":{"rendered":"\n<div class=\"wp-block-group alignfull has-global-padding is-layout-constrained wp-block-group-is-layout-constrained\">\n<div class=\"wp-block-group alignwide has-background-color has-foreground-background-color has-text-color has-background is-layout-flow wp-block-group-is-layout-flow\" style=\"border-width:1px;border-top-right-radius:5px;border-bottom-right-radius:5px;margin-top:0;margin-bottom:0;padding-top:0;padding-right:0;padding-bottom:0;padding-left:0\">\n<div class=\"wp-block-group is-nowrap is-layout-flex wp-container-core-group-is-layout-c0d5ccf6 wp-block-group-is-layout-flex\">\n<figure data-tanit-img-width=\"2560\" data-tanit-img-height=\"1683\" class=\"wp-block-image size-large is-style-default\"><img loading=\"lazy\" decoding=\"async\" width=\"1024\" height=\"673\" src=\"\/app\/uploads\/2023\/03\/4096-2693-max-1024x673.jpg\" alt=\"\" class=\"wp-image-7088\" srcset=\"https:\/\/talaios.coop\/wp-content\/uploads\/2023\/03\/4096-2693-max-1024x673.jpg 1024w, https:\/\/talaios.coop\/wp-content\/uploads\/2023\/03\/4096-2693-max-300x197.jpg 300w, https:\/\/talaios.coop\/wp-content\/uploads\/2023\/03\/4096-2693-max-768x505.jpg 768w, https:\/\/talaios.coop\/wp-content\/uploads\/2023\/03\/4096-2693-max-1536x1010.jpg 1536w, https:\/\/talaios.coop\/wp-content\/uploads\/2023\/03\/4096-2693-max-2048x1347.jpg 2048w\" sizes=\"auto, (max-width: 1024px) 100vw, 1024px\" \/><\/figure>\n\n\n\n<div class=\"wp-block-group has-global-padding is-layout-constrained wp-container-core-group-is-layout-a666d811 wp-block-group-is-layout-constrained\" style=\"padding-top:var(--wp--preset--spacing--40);padding-right:var(--wp--preset--spacing--40);padding-bottom:var(--wp--preset--spacing--40);padding-left:var(--wp--preset--spacing--40)\">\n<h2 class=\"wp-block-heading\"><strong>Formaci\u00f3n<\/strong><\/h2>\n\n\n\n<ul class=\"has-medium-font-size wp-block-list\">\n<li class=\"\">Formaci\u00f3n y ense\u00f1anza para usuarios y administradores de instancias de Moodle.<\/li>\n\n\n\n<li class=\"\">Conocimientos de las diferentes opciones y funcionalidades de Moodle.<\/li>\n\n\n\n<li class=\"\">Formaciones en herramientas digitales.<\/li>\n<\/ul>\n<\/div>\n<\/div>\n<\/div>\n<\/div>\n\n\n\n<div class=\"wp-block-group has-global-padding is-layout-constrained wp-block-group-is-layout-constrained\">\n<div class=\"wp-block-columns alignwide is-layout-flex wp-container-core-columns-is-layout-28f84493 wp-block-columns-is-layout-flex\">\n<div class=\"wp-block-column is-layout-flow wp-block-column-is-layout-flow\" style=\"border-width:1px\">\n<div class=\"wp-block-group has-global-padding is-layout-constrained wp-container-core-group-is-layout-254f1302 wp-block-group-is-layout-constrained\" style=\"padding-top:0;padding-right:0;padding-bottom:0;padding-left:0\">\n<div class=\"wp-block-group has-global-padding is-layout-constrained wp-container-core-group-is-layout-a80f4891 wp-block-group-is-layout-constrained\" style=\"margin-top:0;margin-bottom:0;padding-top:var(--wp--preset--spacing--40);padding-right:var(--wp--preset--spacing--40);padding-bottom:var(--wp--preset--spacing--40);padding-left:var(--wp--preset--spacing--40)\">\n<h5 class=\"wp-block-heading has-text-align-center\"><strong>Dise\u00f1o y planificaci\u00f3n de cursos.<\/strong><\/h5>\n<\/div>\n\n\n\n<div class=\"wp-block-cover is-light\" style=\"margin-top:0;margin-bottom:0;min-height:250px;aspect-ratio:unset;\"><span aria-hidden=\"true\" class=\"wp-block-cover__background has-background-dim-0 has-background-dim\"><\/span><img loading=\"lazy\" decoding=\"async\" width=\"1024\" height=\"769\" class=\"wp-block-cover__image-background wp-image-7086\" alt=\"\" src=\"\/app\/uploads\/2023\/03\/02-1024x769.jpg\" data-object-fit=\"cover\" srcset=\"https:\/\/talaios.coop\/wp-content\/uploads\/2023\/03\/02-1024x769.jpg 1024w, https:\/\/talaios.coop\/wp-content\/uploads\/2023\/03\/02-300x225.jpg 300w, https:\/\/talaios.coop\/wp-content\/uploads\/2023\/03\/02-768x577.jpg 768w, https:\/\/talaios.coop\/wp-content\/uploads\/2023\/03\/02.jpg 1280w\" sizes=\"auto, (max-width: 1024px) 100vw, 1024px\" \/><div class=\"wp-block-cover__inner-container is-layout-flow wp-block-cover-is-layout-flow\">\n<p class=\"has-text-align-center has-large-font-size\"><\/p>\n<\/div><\/div>\n\n\n\n<div class=\"wp-block-group has-global-padding is-layout-constrained wp-container-core-group-is-layout-a80f4891 wp-block-group-is-layout-constrained\" style=\"margin-top:0;margin-bottom:0;padding-top:var(--wp--preset--spacing--40);padding-right:var(--wp--preset--spacing--40);padding-bottom:var(--wp--preset--spacing--40);padding-left:var(--wp--preset--spacing--40)\">\n<ul class=\"has-medium-font-size wp-block-list\">\n<li class=\"\">Dise\u00f1o de cursos online sobre Moodle.<\/li>\n\n\n\n<li class=\"\">Cursos preparados en base a las necesidades y a medida: Grupos, evaluaci\u00f3n, bancos de preguntas&#8230;<\/li>\n<\/ul>\n<\/div>\n<\/div>\n<\/div>\n\n\n\n<div class=\"wp-block-column is-layout-flow wp-block-column-is-layout-flow\" style=\"border-width:1px\">\n<div class=\"wp-block-group has-global-padding is-layout-constrained wp-container-core-group-is-layout-254f1302 wp-block-group-is-layout-constrained\" style=\"padding-top:0;padding-right:0;padding-bottom:0;padding-left:0\">\n<div class=\"wp-block-group has-global-padding is-layout-constrained wp-container-core-group-is-layout-a80f4891 wp-block-group-is-layout-constrained\" style=\"margin-top:0;margin-bottom:0;padding-top:var(--wp--preset--spacing--40);padding-right:var(--wp--preset--spacing--40);padding-bottom:var(--wp--preset--spacing--40);padding-left:var(--wp--preset--spacing--40)\">\n<h5 class=\"wp-block-heading has-text-align-center\"><strong>Asesor\u00eda tecnopedag\u00f3gica<\/strong><\/h5>\n<\/div>\n\n\n\n<div class=\"wp-block-cover\" style=\"margin-top:0;margin-bottom:0;min-height:250px;aspect-ratio:unset;\"><span aria-hidden=\"true\" class=\"wp-block-cover__background has-background-dim-0 has-background-dim\"><\/span><img loading=\"lazy\" decoding=\"async\" width=\"1024\" height=\"769\" class=\"wp-block-cover__image-background wp-image-7092\" alt=\"\" src=\"\/app\/uploads\/2023\/03\/04-1024x769.jpg\" data-object-fit=\"cover\" srcset=\"https:\/\/talaios.coop\/wp-content\/uploads\/2023\/03\/04-1024x769.jpg 1024w, https:\/\/talaios.coop\/wp-content\/uploads\/2023\/03\/04-300x225.jpg 300w, https:\/\/talaios.coop\/wp-content\/uploads\/2023\/03\/04-768x577.jpg 768w, https:\/\/talaios.coop\/wp-content\/uploads\/2023\/03\/04.jpg 1280w\" sizes=\"auto, (max-width: 1024px) 100vw, 1024px\" \/><div class=\"wp-block-cover__inner-container is-layout-flow wp-block-cover-is-layout-flow\">\n<p class=\"has-text-align-center has-large-font-size\"><\/p>\n<\/div><\/div>\n\n\n\n<div class=\"wp-block-group has-global-padding is-layout-constrained wp-container-core-group-is-layout-a80f4891 wp-block-group-is-layout-constrained\" style=\"margin-top:0;margin-bottom:0;padding-top:var(--wp--preset--spacing--40);padding-right:var(--wp--preset--spacing--40);padding-bottom:var(--wp--preset--spacing--40);padding-left:var(--wp--preset--spacing--40)\">\n<ul class=\"has-medium-font-size wp-block-list\">\n<li class=\"\">Asesor\u00eda para el uso adecuado de tecnolog\u00edas digitales en cursos y procesos de formaci\u00f3n.<\/li>\n\n\n\n<li class=\"\">Valoraci\u00f3n y <em>testeo<\/em> de cursos de Moodle.<\/li>\n<\/ul>\n<\/div>\n<\/div>\n<\/div>\n\n\n\n<div class=\"wp-block-column is-layout-flow wp-block-column-is-layout-flow\" style=\"border-width:1px;padding-top:0;padding-right:0;padding-bottom:0;padding-left:0\">\n<div class=\"wp-block-group has-global-padding is-layout-constrained wp-container-core-group-is-layout-254f1302 wp-block-group-is-layout-constrained\" style=\"padding-top:0;padding-right:0;padding-bottom:0;padding-left:0\">\n<div class=\"wp-block-group has-global-padding is-layout-constrained wp-container-core-group-is-layout-a80f4891 wp-block-group-is-layout-constrained\" style=\"margin-top:0;margin-bottom:0;padding-top:var(--wp--preset--spacing--40);padding-right:var(--wp--preset--spacing--40);padding-bottom:var(--wp--preset--spacing--40);padding-left:var(--wp--preset--spacing--40)\">\n<h5 class=\"wp-block-heading has-text-align-center\" style=\"margin-top:0;margin-right:0;margin-bottom:0;margin-left:0\"><strong>Instalaci\u00f3n de instancias de Moodle a medida.<\/strong><\/h5>\n<\/div>\n\n\n\n<div class=\"wp-block-cover is-light\" style=\"margin-top:0;margin-bottom:0;min-height:250px;aspect-ratio:unset;\"><span aria-hidden=\"true\" class=\"wp-block-cover__background has-background-dim-0 has-background-dim\"><\/span><img loading=\"lazy\" decoding=\"async\" width=\"1024\" height=\"684\" class=\"wp-block-cover__image-background wp-image-7094\" alt=\"\" src=\"\/app\/uploads\/2023\/03\/4096-2734-max-1024x684.jpg\" data-object-fit=\"cover\" srcset=\"https:\/\/talaios.coop\/wp-content\/uploads\/2023\/03\/4096-2734-max-1024x684.jpg 1024w, https:\/\/talaios.coop\/wp-content\/uploads\/2023\/03\/4096-2734-max-300x200.jpg 300w, https:\/\/talaios.coop\/wp-content\/uploads\/2023\/03\/4096-2734-max-768x513.jpg 768w, https:\/\/talaios.coop\/wp-content\/uploads\/2023\/03\/4096-2734-max-1536x1025.jpg 1536w, https:\/\/talaios.coop\/wp-content\/uploads\/2023\/03\/4096-2734-max-2048x1367.jpg 2048w\" sizes=\"auto, (max-width: 1024px) 100vw, 1024px\" \/><div class=\"wp-block-cover__inner-container is-layout-flow wp-block-cover-is-layout-flow\">\n<p class=\"has-text-align-center has-large-font-size\"><\/p>\n<\/div><\/div>\n\n\n\n<div class=\"wp-block-group has-global-padding is-layout-constrained wp-container-core-group-is-layout-a80f4891 wp-block-group-is-layout-constrained\" style=\"margin-top:0;margin-bottom:0;padding-top:var(--wp--preset--spacing--40);padding-right:var(--wp--preset--spacing--40);padding-bottom:var(--wp--preset--spacing--40);padding-left:var(--wp--preset--spacing--40)\">\n<ul class=\"has-medium-font-size wp-block-list\">\n<li class=\"\">Hosting de instancias propias de Moodle.<\/li>\n\n\n\n<li class=\"\">Servicio de mantenimiento, monitorizaci\u00f3n y actualizaciones.<\/li>\n<\/ul>\n<\/div>\n<\/div>\n<\/div>\n<\/div>\n<\/div>\n","protected":false},"excerpt":{"rendered":"<p>Formaci\u00f3n Dise\u00f1o y planificaci\u00f3n de cursos. Asesor\u00eda tecnopedag\u00f3gica Instalaci\u00f3n de instancias de Moodle a medida.<\/p>\n","protected":false},"author":9,"featured_media":0,"parent":0,"menu_order":0,"comment_status":"closed","ping_status":"closed","template":"","meta":{"_acf_changed":false,"footnotes":""},"class_list":["post-8532","page","type-page","status-publish","hentry"],"acf":[],"yoast_head":"<!-- This site is optimized with the Yoast SEO plugin v25.1 - https:\/\/yoast.com\/wordpress\/plugins\/seo\/ -->\n<title>Cursos - Talaios Koop.<\/title>\n<meta name=\"robots\" content=\"index, follow, max-snippet:-1, max-image-preview:large, max-video-preview:-1\" \/>\n<link rel=\"canonical\" href=\"https:\/\/talaios.coop\/es\/cursos\/\" \/>\n<meta property=\"og:locale\" content=\"es_ES\" \/>\n<meta property=\"og:type\" content=\"article\" \/>\n<meta property=\"og:title\" content=\"Cursos - Talaios Koop.\" \/>\n<meta property=\"og:description\" content=\"Formaci\u00f3n Dise\u00f1o y planificaci\u00f3n de cursos. Asesor\u00eda tecnopedag\u00f3gica Instalaci\u00f3n de instancias de Moodle a medida.\" \/>\n<meta property=\"og:url\" content=\"https:\/\/talaios.coop\/es\/cursos\/\" \/>\n<meta property=\"og:site_name\" content=\"Talaios Koop.\" \/>\n<meta property=\"article:publisher\" content=\"https:\/\/www.facebook.com\/TalaiosKoop\/\" \/>\n<meta property=\"article:modified_time\" content=\"2024-07-31T11:47:17+00:00\" \/>\n<meta property=\"og:image\" content=\"https:\/\/talaios.coop\/wp-content\/uploads\/2025\/08\/Web-azala-scaled.png\" \/>\n\t<meta property=\"og:image:width\" content=\"2560\" \/>\n\t<meta property=\"og:image:height\" content=\"1810\" \/>\n\t<meta property=\"og:image:type\" content=\"image\/png\" \/>\n<meta name=\"twitter:card\" content=\"summary_large_image\" \/>\n<meta name=\"twitter:site\" content=\"@TalaiosKoop\" \/>\n<meta name=\"twitter:label1\" content=\"Tiempo de lectura\" \/>\n\t<meta name=\"twitter:data1\" content=\"1 minuto\" \/>\n<script type=\"application\/ld+json\" class=\"yoast-schema-graph\">{\"@context\":\"https:\/\/schema.org\",\"@graph\":[{\"@type\":\"WebPage\",\"@id\":\"https:\/\/talaios.coop\/es\/cursos\/\",\"url\":\"https:\/\/talaios.coop\/es\/cursos\/\",\"name\":\"Cursos - Talaios Koop.\",\"isPartOf\":{\"@id\":\"https:\/\/talaios.coop\/#website\"},\"datePublished\":\"2024-07-31T11:47:15+00:00\",\"dateModified\":\"2024-07-31T11:47:17+00:00\",\"inLanguage\":\"es\",\"potentialAction\":[{\"@type\":\"ReadAction\",\"target\":[\"https:\/\/talaios.coop\/es\/cursos\/\"]}]},{\"@type\":\"WebSite\",\"@id\":\"https:\/\/talaios.coop\/#website\",\"url\":\"https:\/\/talaios.coop\/\",\"name\":\"Talaios Koop.\",\"description\":\"\",\"publisher\":{\"@id\":\"https:\/\/talaios.coop\/#organization\"},\"potentialAction\":[{\"@type\":\"SearchAction\",\"target\":{\"@type\":\"EntryPoint\",\"urlTemplate\":\"https:\/\/talaios.coop\/?s={search_term_string}\"},\"query-input\":{\"@type\":\"PropertyValueSpecification\",\"valueRequired\":true,\"valueName\":\"search_term_string\"}}],\"inLanguage\":\"es\"},{\"@type\":\"Organization\",\"@id\":\"https:\/\/talaios.coop\/#organization\",\"name\":\"Talaios Koop.\",\"url\":\"https:\/\/talaios.coop\/\",\"logo\":{\"@type\":\"ImageObject\",\"inLanguage\":\"es\",\"@id\":\"https:\/\/talaios.coop\/#\/schema\/logo\/image\/\",\"url\":\"https:\/\/talaios.coop\/wp-content\/uploads\/2023\/12\/TalaiosKoop_H_B.png\",\"contentUrl\":\"https:\/\/talaios.coop\/wp-content\/uploads\/2023\/12\/TalaiosKoop_H_B.png\",\"width\":2133,\"height\":580,\"caption\":\"Talaios Koop.\"},\"image\":{\"@id\":\"https:\/\/talaios.coop\/#\/schema\/logo\/image\/\"},\"sameAs\":[\"https:\/\/www.facebook.com\/TalaiosKoop\/\",\"https:\/\/x.com\/TalaiosKoop\",\"https:\/\/mastodon.eus\/Talaioskoop\"]}]}<\/script>\n<!-- \/ Yoast SEO plugin. -->","yoast_head_json":{"title":"Cursos - Talaios Koop.","robots":{"index":"index","follow":"follow","max-snippet":"max-snippet:-1","max-image-preview":"max-image-preview:large","max-video-preview":"max-video-preview:-1"},"canonical":"https:\/\/talaios.coop\/es\/cursos\/","og_locale":"es_ES","og_type":"article","og_title":"Cursos - Talaios Koop.","og_description":"Formaci\u00f3n Dise\u00f1o y planificaci\u00f3n de cursos. Asesor\u00eda tecnopedag\u00f3gica Instalaci\u00f3n de instancias de Moodle a medida.","og_url":"https:\/\/talaios.coop\/es\/cursos\/","og_site_name":"Talaios Koop.","article_publisher":"https:\/\/www.facebook.com\/TalaiosKoop\/","article_modified_time":"2024-07-31T11:47:17+00:00","og_image":[{"width":2560,"height":1810,"url":"https:\/\/talaios.coop\/wp-content\/uploads\/2025\/08\/Web-azala-scaled.png","type":"image\/png"}],"twitter_card":"summary_large_image","twitter_site":"@TalaiosKoop","twitter_misc":{"Tiempo de lectura":"1 minuto"},"schema":{"@context":"https:\/\/schema.org","@graph":[{"@type":"WebPage","@id":"https:\/\/talaios.coop\/es\/cursos\/","url":"https:\/\/talaios.coop\/es\/cursos\/","name":"Cursos - Talaios Koop.","isPartOf":{"@id":"https:\/\/talaios.coop\/#website"},"datePublished":"2024-07-31T11:47:15+00:00","dateModified":"2024-07-31T11:47:17+00:00","inLanguage":"es","potentialAction":[{"@type":"ReadAction","target":["https:\/\/talaios.coop\/es\/cursos\/"]}]},{"@type":"WebSite","@id":"https:\/\/talaios.coop\/#website","url":"https:\/\/talaios.coop\/","name":"Talaios Koop.","description":"","publisher":{"@id":"https:\/\/talaios.coop\/#organization"},"potentialAction":[{"@type":"SearchAction","target":{"@type":"EntryPoint","urlTemplate":"https:\/\/talaios.coop\/?s={search_term_string}"},"query-input":{"@type":"PropertyValueSpecification","valueRequired":true,"valueName":"search_term_string"}}],"inLanguage":"es"},{"@type":"Organization","@id":"https:\/\/talaios.coop\/#organization","name":"Talaios Koop.","url":"https:\/\/talaios.coop\/","logo":{"@type":"ImageObject","inLanguage":"es","@id":"https:\/\/talaios.coop\/#\/schema\/logo\/image\/","url":"https:\/\/talaios.coop\/wp-content\/uploads\/2023\/12\/TalaiosKoop_H_B.png","contentUrl":"https:\/\/talaios.coop\/wp-content\/uploads\/2023\/12\/TalaiosKoop_H_B.png","width":2133,"height":580,"caption":"Talaios Koop."},"image":{"@id":"https:\/\/talaios.coop\/#\/schema\/logo\/image\/"},"sameAs":["https:\/\/www.facebook.com\/TalaiosKoop\/","https:\/\/x.com\/TalaiosKoop","https:\/\/mastodon.eus\/Talaioskoop"]}]}},"_links":{"self":[{"href":"https:\/\/talaios.coop\/es\/wp-json\/wp\/v2\/pages\/8532","targetHints":{"allow":["GET"]}}],"collection":[{"href":"https:\/\/talaios.coop\/es\/wp-json\/wp\/v2\/pages"}],"about":[{"href":"https:\/\/talaios.coop\/es\/wp-json\/wp\/v2\/types\/page"}],"author":[{"embeddable":true,"href":"https:\/\/talaios.coop\/es\/wp-json\/wp\/v2\/users\/9"}],"replies":[{"embeddable":true,"href":"https:\/\/talaios.coop\/es\/wp-json\/wp\/v2\/comments?post=8532"}],"version-history":[{"count":1,"href":"https:\/\/talaios.coop\/es\/wp-json\/wp\/v2\/pages\/8532\/revisions"}],"predecessor-version":[{"id":8533,"href":"https:\/\/talaios.coop\/es\/wp-json\/wp\/v2\/pages\/8532\/revisions\/8533"}],"wp:attachment":[{"href":"https:\/\/talaios.coop\/es\/wp-json\/wp\/v2\/media?parent=8532"}],"curies":[{"name":"wp","href":"https:\/\/api.w.org\/{rel}","templated":true}]}}