{"id":8543,"date":"2024-07-31T12:57:03","date_gmt":"2024-07-31T11:57:03","guid":{"rendered":"https:\/\/talaios.coop\/talaios-andalucia\/"},"modified":"2024-07-31T12:57:03","modified_gmt":"2024-07-31T11:57:03","slug":"talaios-andalucia","status":"publish","type":"page","link":"https:\/\/talaios.coop\/es\/talaios-andalucia\/","title":{"rendered":"Talaios Andaluc\u00eda"},"content":{"rendered":"\n<div class=\"wp-block-cover alignfull has-parallax\" style=\"min-height:100vh;aspect-ratio:unset;\"><span aria-hidden=\"true\" class=\"wp-block-cover__background has-background-dim-40 has-background-dim\" style=\"background-color:#000000\"><\/span><div class=\"wp-block-cover__image-background has-parallax\" style=\"background-position:50% 50%;background-image:url(https:\/\/s.w.org\/images\/core\/5.8\/art-01.jpg)\"><\/div><div class=\"wp-block-cover__inner-container has-global-padding is-layout-constrained wp-block-cover-is-layout-constrained\">\n<h2 class=\"wp-block-heading alignwide has-white-color has-text-color\" style=\"font-size:clamp(27.894px, 1.743rem + ((1vw - 3.2px) * 1.828), 48px);line-height:1.2\"><strong><em>Talaios<\/em><\/strong> Andaluc\u00eda<br><strong><em>Crear, Transformar y Compartir<\/em><\/strong><\/h2>\n\n\n\n<div class=\"wp-block-columns alignwide is-layout-flex wp-container-core-columns-is-layout-a54e0cfc wp-block-columns-is-layout-flex\" style=\"padding-top:var(--wp--preset--spacing--60);padding-bottom:var(--wp--preset--spacing--60)\">\n<div class=\"wp-block-column is-layout-flow wp-block-column-is-layout-flow\">\n<h2 class=\"wp-block-heading has-base-color has-text-color has-link-color wp-elements-e9161e84bf219ccaab518ec2e90b5b30\" style=\"font-style:normal;font-weight:400\">Talaios Kooperatiba es una entidad de econom\u00eda social con origen en Gipuzkoa y amplio recorrido en el \u00e1mbito de las econom\u00edas sociales y las tecnolog\u00edas libres. Desde el momento de su fundaci\u00f3n ha realizado m\u00faltiples trabajos en el \u00e1mbito de asesoramiento, formaci\u00f3n y consultor\u00eda relacionada con estos temas. En <strong>2020 <\/strong>se crea Talaios Andaluc\u00eda.  <\/h2>\n\n\n\n<div class=\"wp-block-buttons is-layout-flex wp-block-buttons-is-layout-flex\">\n\n\n\n<\/div>\n<\/div>\n\n\n\n<div class=\"wp-block-column is-layout-flow wp-block-column-is-layout-flow\" style=\"flex-basis:30px\"><\/div>\n<\/div>\n<\/div><\/div>\n\n\n\n<p>Talaios Kooperatiba es un proyecto colectivo de econom\u00eda social con origen en 2013. Desde entonces, personas provenientes de diversas disciplinas se juntaron para trabajar en diversos tipos de asesoramiento. <\/p>\n\n\n\n<p>El quehacer diario de la cooperativa consiste, a grandes rasgos, en el asesoramiento, desarrollo y formaci\u00f3n en dos grandes \u00e1mbitos de actuaci\u00f3n: una la econom\u00eda social transformadora; y dos, las tecnolog\u00edas libres. &nbsp;De este modo se impulsan nuevas f\u00f3rmulas econ\u00f3micas democr\u00e1ticas, sociales y sostenibles. Y todo ello evitando de modo estricto que la actividad y trabajo de la cooperativa pueda estar sirviendo a personas y proyectos sociales y econ\u00f3micos contradictorios con los principios \u00e9ticos y sociales propios. <\/p>\n\n\n\n<h2 class=\"wp-block-heading\" id=\"quehacemos\"><strong>\u00bfQu\u00e9 hacemos? <\/strong>Servicios y l\u00edneas de trabajo<\/h2>\n\n\n\n<p>A) Econom\u00eda social y territorial: asesor\u00eda, formaci\u00f3n y estudios con base en la econom\u00eda social.<\/p>\n\n\n\n<p>B) Tecnolog\u00edas libres: Analizamos, dise\u00f1amos y desarrollamos herramientas digitales basadas en tecnolog\u00edas libres.<\/p>\n\n\n\n<p>C) Otros: dinamizaci\u00f3n de colectivos, asesor\u00eda jur\u00eddica (especializada en derecho administrativo y cooperativo); planes estrat\u00e9gicos y redacci\u00f3n de proyectos; an\u00e1lisis presupuestos y hacienda p\u00fablica.<\/p>\n\n\n\n<p id=\"economiaytransformacion\"><strong>Econom\u00eda y Transformaci\u00f3n<\/strong><\/p>\n\n\n\n<p>En el \u00e1mbito de la econom\u00eda social y transformadora, contribuimos a crear, integrar y difundir nuevos modelos de proyectos colectivos.<\/p>\n\n\n\n<ul class=\"wp-block-list\">\n<li>Asesoramiento a cooperativas y entidades de econom\u00eda social.<\/li>\n\n\n\n<li>Dinamizaci\u00f3n de colectivos de diversos tipos orientados a aspectos socioecon\u00f3micos.<\/li>\n\n\n\n<li>Asesoramiento a la creaci\u00f3n de comunidades energ\u00e9ticas locales.<\/li>\n\n\n\n<li>Dise\u00f1o de herramientas de pol\u00edticas p\u00fablicas locales enfocadas a la promoci\u00f3n y desarrollo de las econom\u00edas sociales <\/li>\n\n\n\n<li>Diagn\u00f3sticos socioproductivos de conocimiento de realidades sociales y econ\u00f3micas de distintos \u00e1mbitos territoriales (locales, comarcales,\u2026).<\/li>\n\n\n\n<li>Contextualizaci\u00f3n socioecon\u00f3mica para estudios o documentos: Planes urban\u00edsticos, Planes de Igualdad, etc.). Textos divulgativos sobre la socioeconom\u00eda local para la participaci\u00f3n ciudadana.<\/li>\n<\/ul>\n\n\n\n<p id=\"tecnologiaslibres\"><strong>Tecnolog\u00edas libres: Herramientas y Desarrollo<\/strong><\/p>\n\n\n\n<ul class=\"wp-block-list\">\n<li>Dise\u00f1o e implantaci\u00f3n de sitios web para cualquier prop\u00f3sito (corporativas, blogs, comercio electr\u00f3nico, etc) usando tecnolog\u00edas libres, con un dise\u00f1o moderno y adaptativo a cualquier dispositivo, adem\u00e1s, ofreciendo formaci\u00f3n inicial para el manejo de estas a los usuarios.&nbsp;<\/li>\n\n\n\n<li>Implantaci\u00f3n de plataformas educativas en l\u00ednea (moodle), herramientas para el alojamiento, compartici\u00f3n y edici\u00f3n de archivos en la nube (Nextcloud).<\/li>\n\n\n\n<li>Desarrollo de aplicaciones m\u00f3viles haciendo uso de cualquier funcionalidad nativa Bluetooth, NFC, C\u00e1mara, GPS, QR-Scanner o aplicaciones web h\u00edbridas (instalables) capaces de integrarse con multitud de herramientas, sistemas.<\/li>\n\n\n\n<li>An\u00e1lisis y Desarrollo de aplicaciones web de cualquier prop\u00f3sito.<\/li>\n<\/ul>\n\n\n\n<p id=\"asesoramientojuridico\"><strong>Asesoramiento jur\u00eddico y otros servicios<\/strong><\/p>\n\n\n\n<ul class=\"wp-block-list\">\n<li>Dict\u00e1menes jur\u00eddicos relacionados con el normal desenvolvimiento de una administraci\u00f3n p\u00fablica municipal.<\/li>\n\n\n\n<li>Asesoramiento jur\u00eddico especializado en comunidades energ\u00e9ticas locales.<\/li>\n\n\n\n<li>Planes estrat\u00e9gicos y redacci\u00f3n de proyectos.<\/li>\n<\/ul>\n\n\n\n<p><strong>\u00bfQu\u00e9 hacemos? <\/strong>Servicios y l\u00edneas de trabajo<\/p>\n\n\n\n<p>Talaios Andaluc\u00eda realiza una actividad econ\u00f3mica de prestaci\u00f3n de&nbsp;servicios guiados por unos valores e ideolog\u00eda concreta. Se entiende que es la mejor manera de lograr la satisfacci\u00f3n tanto de la gente que conf\u00eda desde fuera en el proyecto, como de los que conforman desde dentro este proyecto social y econ\u00f3mico y, por tanto, de vida. <\/p>\n\n\n\n<p>Talaios Andaluc\u00eda apuesta por el cooperativismo, la autogesti\u00f3n y la organizaci\u00f3n asamblearia como una alternativa socialmente m\u00e1s responsable, solidaria y justa al modelo socioecon\u00f3mico actual.<\/p>\n\n\n\n<p>Se asume los <strong>principios <\/strong>b\u00e1sicos del cooperativismo, a saber:<\/p>\n\n\n\n<ul class=\"wp-block-list\">\n<li>Gesti\u00f3n democr\u00e1tica por parte de las personas socias.<\/li>\n\n\n\n<li>Participaci\u00f3n econ\u00f3mica de las personas socias en el capital.<\/li>\n\n\n\n<li>Autonom\u00eda e independencia de la cooperativa respecto a terceros.<\/li>\n\n\n\n<li>Cooperaci\u00f3n entre cooperativas.<\/li>\n\n\n\n<li>Formaci\u00f3n.<\/li>\n\n\n\n<li>Inter\u00e9s de la cooperativa por la comunidad.<\/li>\n<\/ul>\n\n\n\n<p>Para desarrollar estos principios y objetivos son \u00fatiles los siguientes <strong>valores<\/strong>:<\/p>\n\n\n\n<ul class=\"wp-block-list\">\n<li><em>La uni\u00f3n<\/em>.&nbsp;La cooperaci\u00f3n, el apoyo mutuo y la relevancia de la comunidad ante la individualidad. Frente a la autoridad y la disciplina propia de las empresas capitalistas convencionales, la apuesta del cooperativismo transformador que defendemos debe ser la uni\u00f3n y la cooperaci\u00f3n. Desde la uni\u00f3n y la cooperaci\u00f3n se impulsan formas colectivas de ejercer el liderazgo y las relaciones horizontales democr\u00e1ticas.  <\/li>\n\n\n\n<li><em>El cumplir<\/em>.&nbsp;La responsabilidad individual y el compromiso con uno mismo y con los dem\u00e1s. As\u00ed, frente al control y la disciplina de las empresas capitalistas convencionales, el cooperativismo transformador debe contraponer la responsabilidad \u00e9tica y la honestidad individual de las personas cooperativistas. <\/li>\n\n\n\n<li><em>El reparto<\/em>.&nbsp;Ante la igualdad en \u201cel cumplir\u201d, igualdad en \u201cel repartir\u201d. Trabajar para que exista la m\u00e1xima igualdad posible en el reparto de las rentas y riqueza generada por nuestra cooperativa. Frente a la desigualdad e injusticia del capitalismo, la apuesta por el acceso en condiciones de igualdad a los medios de producci\u00f3n y a los resultados de su uso.  <\/li>\n<\/ul>\n\n\n\n<p>Como organizaci\u00f3n la Cooperativa comparte una serie de objetivos concretos inexcusables que determinan la forma de trabajar y el desempe\u00f1o profesional. Son los siguientes: <\/p>\n\n\n\n<ul class=\"wp-block-list\">\n<li>Favorecer la creaci\u00f3n de unidades econ\u00f3micas democr\u00e1ticas, ya sean en r\u00e9gimen de cooperativa o de cualquier otro tipo de f\u00f3rmula de Econom\u00eda social o asociacionismo popular.<\/li>\n\n\n\n<li>Desarrollar las tecnolog\u00edas libres y la soberan\u00eda tecnol\u00f3gica.<\/li>\n\n\n\n<li>Analizar la realidad socioecon\u00f3mica desde una perspectiva cr\u00edtica y transformadora y promover la formaci\u00f3n en estos temas de las clases populares y trabajadoras.<\/li>\n\n\n\n<li>Asesorar a colectivos sociopol\u00edticos con converjan con los principios y valores de la cooperativa. En distintos \u00e1mbitos: econ\u00f3mico, jur\u00eddico, organizativo, etc. <\/li>\n<\/ul>\n\n\n\n<p>Talaios Andaluc\u00eda es un proyecto colectivo de Econom\u00eda social que tiene por <strong>objetivo<\/strong> transformar la realidad, por lo que promueve una econom\u00eda con las siguientes caracter\u00edsticas:<\/p>\n\n\n\n<ul class=\"wp-block-list\">\n<li>Basada en la satisfacci\u00f3n de las necesidades de las personas.<\/li>\n\n\n\n<li>Gestionada de forma democr\u00e1tica.<\/li>\n\n\n\n<li>Arraigada territorialmente.<\/li>\n\n\n\n<li>Sostenible social y medioambientalmente.<\/li>\n\n\n\n<li>Capaz de distribuir equitativamente la riqueza generada.<\/li>\n<\/ul>\n\n\n\n<h2 class=\"wp-block-heading\" id=\"contacto\">Contacto<\/h2>\n\n\n\n<div class=\"wp-block-columns is-layout-flex wp-container-core-columns-is-layout-28f84493 wp-block-columns-is-layout-flex\">\n<div class=\"wp-block-column is-layout-flow wp-block-column-is-layout-flow\">\n<p>Escribenos a <a href=\"mailto:info@talaios.coop\">info@talaios.coop<\/a><\/p>\n<\/div>\n\n\n\n<div class=\"wp-block-column is-layout-flow wp-block-column-is-layout-flow\"><\/div>\n<\/div>\n","protected":false},"excerpt":{"rendered":"<p>Talaios Kooperatiba es un proyecto colectivo de econom\u00eda social con origen en 2013. Desde entonces, personas provenientes de diversas disciplinas se juntaron para trabajar en diversos tipos de asesoramiento. El quehacer diario de la cooperativa consiste, a grandes rasgos, en el asesoramiento, desarrollo y formaci\u00f3n en dos grandes \u00e1mbitos de actuaci\u00f3n: una la econom\u00eda social [&hellip;]<\/p>\n","protected":false},"author":4,"featured_media":0,"parent":0,"menu_order":0,"comment_status":"closed","ping_status":"closed","template":"","meta":{"_acf_changed":false,"footnotes":""},"class_list":["post-8543","page","type-page","status-publish","hentry"],"acf":[],"yoast_head":"<!-- This site is optimized with the Yoast SEO plugin v25.1 - https:\/\/yoast.com\/wordpress\/plugins\/seo\/ -->\n<title>Talaios Andaluc\u00eda - Talaios Koop.<\/title>\n<meta name=\"robots\" content=\"index, follow, max-snippet:-1, max-image-preview:large, max-video-preview:-1\" \/>\n<link rel=\"canonical\" href=\"https:\/\/talaios.coop\/es\/talaios-andalucia\/\" \/>\n<meta property=\"og:locale\" content=\"es_ES\" \/>\n<meta property=\"og:type\" content=\"article\" \/>\n<meta property=\"og:title\" content=\"Talaios Andaluc\u00eda - Talaios Koop.\" \/>\n<meta property=\"og:description\" content=\"Talaios Kooperatiba es un proyecto colectivo de econom\u00eda social con origen en 2013. Desde entonces, personas provenientes de diversas disciplinas se juntaron para trabajar en diversos tipos de asesoramiento. El quehacer diario de la cooperativa consiste, a grandes rasgos, en el asesoramiento, desarrollo y formaci\u00f3n en dos grandes \u00e1mbitos de actuaci\u00f3n: una la econom\u00eda social [&hellip;]\" \/>\n<meta property=\"og:url\" content=\"https:\/\/talaios.coop\/es\/talaios-andalucia\/\" \/>\n<meta property=\"og:site_name\" content=\"Talaios Koop.\" \/>\n<meta property=\"article:publisher\" content=\"https:\/\/www.facebook.com\/TalaiosKoop\/\" \/>\n<meta property=\"og:image\" content=\"https:\/\/talaios.coop\/wp-content\/uploads\/2025\/08\/Web-azala-scaled.png\" \/>\n\t<meta property=\"og:image:width\" content=\"2560\" \/>\n\t<meta property=\"og:image:height\" content=\"1810\" \/>\n\t<meta property=\"og:image:type\" content=\"image\/png\" \/>\n<meta name=\"twitter:card\" content=\"summary_large_image\" \/>\n<meta name=\"twitter:site\" content=\"@TalaiosKoop\" \/>\n<meta name=\"twitter:label1\" content=\"Tiempo de lectura\" \/>\n\t<meta name=\"twitter:data1\" content=\"5 minutos\" \/>\n<script type=\"application\/ld+json\" class=\"yoast-schema-graph\">{\"@context\":\"https:\/\/schema.org\",\"@graph\":[{\"@type\":\"WebPage\",\"@id\":\"https:\/\/talaios.coop\/es\/talaios-andalucia\/\",\"url\":\"https:\/\/talaios.coop\/es\/talaios-andalucia\/\",\"name\":\"Talaios Andaluc\u00eda - Talaios Koop.\",\"isPartOf\":{\"@id\":\"https:\/\/talaios.coop\/#website\"},\"datePublished\":\"2024-07-31T11:57:03+00:00\",\"inLanguage\":\"es\",\"potentialAction\":[{\"@type\":\"ReadAction\",\"target\":[\"https:\/\/talaios.coop\/es\/talaios-andalucia\/\"]}]},{\"@type\":\"WebSite\",\"@id\":\"https:\/\/talaios.coop\/#website\",\"url\":\"https:\/\/talaios.coop\/\",\"name\":\"Talaios Koop.\",\"description\":\"\",\"publisher\":{\"@id\":\"https:\/\/talaios.coop\/#organization\"},\"potentialAction\":[{\"@type\":\"SearchAction\",\"target\":{\"@type\":\"EntryPoint\",\"urlTemplate\":\"https:\/\/talaios.coop\/?s={search_term_string}\"},\"query-input\":{\"@type\":\"PropertyValueSpecification\",\"valueRequired\":true,\"valueName\":\"search_term_string\"}}],\"inLanguage\":\"es\"},{\"@type\":\"Organization\",\"@id\":\"https:\/\/talaios.coop\/#organization\",\"name\":\"Talaios Koop.\",\"url\":\"https:\/\/talaios.coop\/\",\"logo\":{\"@type\":\"ImageObject\",\"inLanguage\":\"es\",\"@id\":\"https:\/\/talaios.coop\/#\/schema\/logo\/image\/\",\"url\":\"https:\/\/talaios.coop\/wp-content\/uploads\/2023\/12\/TalaiosKoop_H_B.png\",\"contentUrl\":\"https:\/\/talaios.coop\/wp-content\/uploads\/2023\/12\/TalaiosKoop_H_B.png\",\"width\":2133,\"height\":580,\"caption\":\"Talaios Koop.\"},\"image\":{\"@id\":\"https:\/\/talaios.coop\/#\/schema\/logo\/image\/\"},\"sameAs\":[\"https:\/\/www.facebook.com\/TalaiosKoop\/\",\"https:\/\/x.com\/TalaiosKoop\",\"https:\/\/mastodon.eus\/Talaioskoop\"]}]}<\/script>\n<!-- \/ Yoast SEO plugin. -->","yoast_head_json":{"title":"Talaios Andaluc\u00eda - Talaios Koop.","robots":{"index":"index","follow":"follow","max-snippet":"max-snippet:-1","max-image-preview":"max-image-preview:large","max-video-preview":"max-video-preview:-1"},"canonical":"https:\/\/talaios.coop\/es\/talaios-andalucia\/","og_locale":"es_ES","og_type":"article","og_title":"Talaios Andaluc\u00eda - Talaios Koop.","og_description":"Talaios Kooperatiba es un proyecto colectivo de econom\u00eda social con origen en 2013. Desde entonces, personas provenientes de diversas disciplinas se juntaron para trabajar en diversos tipos de asesoramiento. El quehacer diario de la cooperativa consiste, a grandes rasgos, en el asesoramiento, desarrollo y formaci\u00f3n en dos grandes \u00e1mbitos de actuaci\u00f3n: una la econom\u00eda social [&hellip;]","og_url":"https:\/\/talaios.coop\/es\/talaios-andalucia\/","og_site_name":"Talaios Koop.","article_publisher":"https:\/\/www.facebook.com\/TalaiosKoop\/","og_image":[{"width":2560,"height":1810,"url":"https:\/\/talaios.coop\/wp-content\/uploads\/2025\/08\/Web-azala-scaled.png","type":"image\/png"}],"twitter_card":"summary_large_image","twitter_site":"@TalaiosKoop","twitter_misc":{"Tiempo de lectura":"5 minutos"},"schema":{"@context":"https:\/\/schema.org","@graph":[{"@type":"WebPage","@id":"https:\/\/talaios.coop\/es\/talaios-andalucia\/","url":"https:\/\/talaios.coop\/es\/talaios-andalucia\/","name":"Talaios Andaluc\u00eda - Talaios Koop.","isPartOf":{"@id":"https:\/\/talaios.coop\/#website"},"datePublished":"2024-07-31T11:57:03+00:00","inLanguage":"es","potentialAction":[{"@type":"ReadAction","target":["https:\/\/talaios.coop\/es\/talaios-andalucia\/"]}]},{"@type":"WebSite","@id":"https:\/\/talaios.coop\/#website","url":"https:\/\/talaios.coop\/","name":"Talaios Koop.","description":"","publisher":{"@id":"https:\/\/talaios.coop\/#organization"},"potentialAction":[{"@type":"SearchAction","target":{"@type":"EntryPoint","urlTemplate":"https:\/\/talaios.coop\/?s={search_term_string}"},"query-input":{"@type":"PropertyValueSpecification","valueRequired":true,"valueName":"search_term_string"}}],"inLanguage":"es"},{"@type":"Organization","@id":"https:\/\/talaios.coop\/#organization","name":"Talaios Koop.","url":"https:\/\/talaios.coop\/","logo":{"@type":"ImageObject","inLanguage":"es","@id":"https:\/\/talaios.coop\/#\/schema\/logo\/image\/","url":"https:\/\/talaios.coop\/wp-content\/uploads\/2023\/12\/TalaiosKoop_H_B.png","contentUrl":"https:\/\/talaios.coop\/wp-content\/uploads\/2023\/12\/TalaiosKoop_H_B.png","width":2133,"height":580,"caption":"Talaios Koop."},"image":{"@id":"https:\/\/talaios.coop\/#\/schema\/logo\/image\/"},"sameAs":["https:\/\/www.facebook.com\/TalaiosKoop\/","https:\/\/x.com\/TalaiosKoop","https:\/\/mastodon.eus\/Talaioskoop"]}]}},"_links":{"self":[{"href":"https:\/\/talaios.coop\/es\/wp-json\/wp\/v2\/pages\/8543","targetHints":{"allow":["GET"]}}],"collection":[{"href":"https:\/\/talaios.coop\/es\/wp-json\/wp\/v2\/pages"}],"about":[{"href":"https:\/\/talaios.coop\/es\/wp-json\/wp\/v2\/types\/page"}],"author":[{"embeddable":true,"href":"https:\/\/talaios.coop\/es\/wp-json\/wp\/v2\/users\/4"}],"replies":[{"embeddable":true,"href":"https:\/\/talaios.coop\/es\/wp-json\/wp\/v2\/comments?post=8543"}],"version-history":[{"count":0,"href":"https:\/\/talaios.coop\/es\/wp-json\/wp\/v2\/pages\/8543\/revisions"}],"wp:attachment":[{"href":"https:\/\/talaios.coop\/es\/wp-json\/wp\/v2\/media?parent=8543"}],"curies":[{"name":"wp","href":"https:\/\/api.w.org\/{rel}","templated":true}]}}