{"id":8544,"date":"2024-07-31T12:58:09","date_gmt":"2024-07-31T11:58:09","guid":{"rendered":"https:\/\/talaios.coop\/lege-oharrak\/"},"modified":"2025-08-25T10:52:10","modified_gmt":"2025-08-25T09:52:10","slug":"lege-oharrak","status":"publish","type":"page","link":"https:\/\/talaios.coop\/es\/lege-oharrak\/","title":{"rendered":"Aviso Legal"},"content":{"rendered":"\n<p>En cumplimiento con la Ley 34\/2002, de Servicios de la Sociedad de la Informaci\u00f3n y de Comercio Electr\u00f3nico (LSSI-CE), se informa que la presente p\u00e1gina web es titularidad de:<\/p>\n\n<ul class=\"wp-block-list\">\n<li><strong>Entidad<\/strong>: Talaos Koop S.<\/li>\n\n\n\n<li><strong>CIF\/NIF<\/strong>: F75076331<\/li>\n\n\n\n<li><strong>Domicilio<\/strong>: Aralar plaza 1, solairuartea 2 \u2013 20100 Orereta-Errenteria Gipuzkoa<\/li>\n\n\n\n<li><strong>Email de contacto<\/strong>: kontaktua@talaios.coop<\/li>\n\n\n\n<li><strong>Tel\u00e9fonoa<\/strong>: 943 013 297<\/li>\n<\/ul>\n\n<p>El acceso y uso de esta p\u00e1gina web implica la aceptaci\u00f3n de<a href=\"https:\/\/talaios.coop\/pribatutasun-politika\/\"> las condiciones aqu\u00ed establecidas.<\/a><\/p>\n","protected":false},"excerpt":{"rendered":"<p>En cumplimiento con la Ley 34\/2002, de Servicios de la Sociedad de la Informaci\u00f3n y de Comercio Electr\u00f3nico (LSSI-CE), se informa que la presente p\u00e1gina web es titularidad de: El acceso y uso de esta p\u00e1gina web implica la aceptaci\u00f3n de las condiciones aqu\u00ed establecidas.<\/p>\n","protected":false},"author":11,"featured_media":0,"parent":0,"menu_order":0,"comment_status":"closed","ping_status":"closed","template":"","meta":{"_acf_changed":false,"footnotes":""},"class_list":["post-8544","page","type-page","status-publish","hentry"],"acf":[],"yoast_head":"<!-- This site is optimized with the Yoast SEO plugin v25.1 - https:\/\/yoast.com\/wordpress\/plugins\/seo\/ -->\n<title>Aviso Legal - Talaios Koop.<\/title>\n<meta name=\"robots\" content=\"index, follow, max-snippet:-1, max-image-preview:large, max-video-preview:-1\" \/>\n<link rel=\"canonical\" href=\"https:\/\/talaios.coop\/es\/lege-oharrak\/\" \/>\n<meta property=\"og:locale\" content=\"es_ES\" \/>\n<meta property=\"og:type\" content=\"article\" \/>\n<meta property=\"og:title\" content=\"Aviso Legal - Talaios Koop.\" \/>\n<meta property=\"og:description\" content=\"En cumplimiento con la Ley 34\/2002, de Servicios de la Sociedad de la Informaci\u00f3n y de Comercio Electr\u00f3nico (LSSI-CE), se informa que la presente p\u00e1gina web es titularidad de: El acceso y uso de esta p\u00e1gina web implica la aceptaci\u00f3n de las condiciones aqu\u00ed establecidas.\" \/>\n<meta property=\"og:url\" content=\"https:\/\/talaios.coop\/es\/lege-oharrak\/\" \/>\n<meta property=\"og:site_name\" content=\"Talaios Koop.\" \/>\n<meta property=\"article:publisher\" content=\"https:\/\/www.facebook.com\/TalaiosKoop\/\" \/>\n<meta property=\"article:modified_time\" content=\"2025-08-25T09:52:10+00:00\" \/>\n<meta property=\"og:image\" content=\"https:\/\/talaios.coop\/wp-content\/uploads\/2025\/08\/Web-azala-scaled.png\" \/>\n\t<meta property=\"og:image:width\" content=\"2560\" \/>\n\t<meta property=\"og:image:height\" content=\"1810\" \/>\n\t<meta property=\"og:image:type\" content=\"image\/png\" \/>\n<meta name=\"twitter:card\" content=\"summary_large_image\" \/>\n<meta name=\"twitter:site\" content=\"@TalaiosKoop\" \/>\n<script type=\"application\/ld+json\" class=\"yoast-schema-graph\">{\"@context\":\"https:\/\/schema.org\",\"@graph\":[{\"@type\":\"WebPage\",\"@id\":\"https:\/\/talaios.coop\/es\/lege-oharrak\/\",\"url\":\"https:\/\/talaios.coop\/es\/lege-oharrak\/\",\"name\":\"Aviso Legal - Talaios Koop.\",\"isPartOf\":{\"@id\":\"https:\/\/talaios.coop\/#website\"},\"datePublished\":\"2024-07-31T11:58:09+00:00\",\"dateModified\":\"2025-08-25T09:52:10+00:00\",\"inLanguage\":\"es\",\"potentialAction\":[{\"@type\":\"ReadAction\",\"target\":[\"https:\/\/talaios.coop\/es\/lege-oharrak\/\"]}]},{\"@type\":\"WebSite\",\"@id\":\"https:\/\/talaios.coop\/#website\",\"url\":\"https:\/\/talaios.coop\/\",\"name\":\"Talaios Koop.\",\"description\":\"\",\"publisher\":{\"@id\":\"https:\/\/talaios.coop\/#organization\"},\"potentialAction\":[{\"@type\":\"SearchAction\",\"target\":{\"@type\":\"EntryPoint\",\"urlTemplate\":\"https:\/\/talaios.coop\/?s={search_term_string}\"},\"query-input\":{\"@type\":\"PropertyValueSpecification\",\"valueRequired\":true,\"valueName\":\"search_term_string\"}}],\"inLanguage\":\"es\"},{\"@type\":\"Organization\",\"@id\":\"https:\/\/talaios.coop\/#organization\",\"name\":\"Talaios Koop.\",\"url\":\"https:\/\/talaios.coop\/\",\"logo\":{\"@type\":\"ImageObject\",\"inLanguage\":\"es\",\"@id\":\"https:\/\/talaios.coop\/#\/schema\/logo\/image\/\",\"url\":\"https:\/\/talaios.coop\/wp-content\/uploads\/2023\/12\/TalaiosKoop_H_B.png\",\"contentUrl\":\"https:\/\/talaios.coop\/wp-content\/uploads\/2023\/12\/TalaiosKoop_H_B.png\",\"width\":2133,\"height\":580,\"caption\":\"Talaios Koop.\"},\"image\":{\"@id\":\"https:\/\/talaios.coop\/#\/schema\/logo\/image\/\"},\"sameAs\":[\"https:\/\/www.facebook.com\/TalaiosKoop\/\",\"https:\/\/x.com\/TalaiosKoop\",\"https:\/\/mastodon.eus\/Talaioskoop\"]}]}<\/script>\n<!-- \/ Yoast SEO plugin. -->","yoast_head_json":{"title":"Aviso Legal - Talaios Koop.","robots":{"index":"index","follow":"follow","max-snippet":"max-snippet:-1","max-image-preview":"max-image-preview:large","max-video-preview":"max-video-preview:-1"},"canonical":"https:\/\/talaios.coop\/es\/lege-oharrak\/","og_locale":"es_ES","og_type":"article","og_title":"Aviso Legal - Talaios Koop.","og_description":"En cumplimiento con la Ley 34\/2002, de Servicios de la Sociedad de la Informaci\u00f3n y de Comercio Electr\u00f3nico (LSSI-CE), se informa que la presente p\u00e1gina web es titularidad de: El acceso y uso de esta p\u00e1gina web implica la aceptaci\u00f3n de las condiciones aqu\u00ed establecidas.","og_url":"https:\/\/talaios.coop\/es\/lege-oharrak\/","og_site_name":"Talaios Koop.","article_publisher":"https:\/\/www.facebook.com\/TalaiosKoop\/","article_modified_time":"2025-08-25T09:52:10+00:00","og_image":[{"width":2560,"height":1810,"url":"https:\/\/talaios.coop\/wp-content\/uploads\/2025\/08\/Web-azala-scaled.png","type":"image\/png"}],"twitter_card":"summary_large_image","twitter_site":"@TalaiosKoop","schema":{"@context":"https:\/\/schema.org","@graph":[{"@type":"WebPage","@id":"https:\/\/talaios.coop\/es\/lege-oharrak\/","url":"https:\/\/talaios.coop\/es\/lege-oharrak\/","name":"Aviso Legal - Talaios Koop.","isPartOf":{"@id":"https:\/\/talaios.coop\/#website"},"datePublished":"2024-07-31T11:58:09+00:00","dateModified":"2025-08-25T09:52:10+00:00","inLanguage":"es","potentialAction":[{"@type":"ReadAction","target":["https:\/\/talaios.coop\/es\/lege-oharrak\/"]}]},{"@type":"WebSite","@id":"https:\/\/talaios.coop\/#website","url":"https:\/\/talaios.coop\/","name":"Talaios Koop.","description":"","publisher":{"@id":"https:\/\/talaios.coop\/#organization"},"potentialAction":[{"@type":"SearchAction","target":{"@type":"EntryPoint","urlTemplate":"https:\/\/talaios.coop\/?s={search_term_string}"},"query-input":{"@type":"PropertyValueSpecification","valueRequired":true,"valueName":"search_term_string"}}],"inLanguage":"es"},{"@type":"Organization","@id":"https:\/\/talaios.coop\/#organization","name":"Talaios Koop.","url":"https:\/\/talaios.coop\/","logo":{"@type":"ImageObject","inLanguage":"es","@id":"https:\/\/talaios.coop\/#\/schema\/logo\/image\/","url":"https:\/\/talaios.coop\/wp-content\/uploads\/2023\/12\/TalaiosKoop_H_B.png","contentUrl":"https:\/\/talaios.coop\/wp-content\/uploads\/2023\/12\/TalaiosKoop_H_B.png","width":2133,"height":580,"caption":"Talaios Koop."},"image":{"@id":"https:\/\/talaios.coop\/#\/schema\/logo\/image\/"},"sameAs":["https:\/\/www.facebook.com\/TalaiosKoop\/","https:\/\/x.com\/TalaiosKoop","https:\/\/mastodon.eus\/Talaioskoop"]}]}},"_links":{"self":[{"href":"https:\/\/talaios.coop\/es\/wp-json\/wp\/v2\/pages\/8544","targetHints":{"allow":["GET"]}}],"collection":[{"href":"https:\/\/talaios.coop\/es\/wp-json\/wp\/v2\/pages"}],"about":[{"href":"https:\/\/talaios.coop\/es\/wp-json\/wp\/v2\/types\/page"}],"author":[{"embeddable":true,"href":"https:\/\/talaios.coop\/es\/wp-json\/wp\/v2\/users\/11"}],"replies":[{"embeddable":true,"href":"https:\/\/talaios.coop\/es\/wp-json\/wp\/v2\/comments?post=8544"}],"version-history":[{"count":2,"href":"https:\/\/talaios.coop\/es\/wp-json\/wp\/v2\/pages\/8544\/revisions"}],"predecessor-version":[{"id":9403,"href":"https:\/\/talaios.coop\/es\/wp-json\/wp\/v2\/pages\/8544\/revisions\/9403"}],"wp:attachment":[{"href":"https:\/\/talaios.coop\/es\/wp-json\/wp\/v2\/media?parent=8544"}],"curies":[{"name":"wp","href":"https:\/\/api.w.org\/{rel}","templated":true}]}}